{"id":232,"date":"2017-12-01T14:42:12","date_gmt":"2017-12-01T14:42:12","guid":{"rendered":"http:\/\/arjeil.albweb.al\/?page_id=232"},"modified":"2017-12-05T12:21:44","modified_gmt":"2017-12-05T12:21:44","slug":"ndertim-kuzkub","status":"publish","type":"page","link":"https:\/\/arjeil.al\/index.php\/ndertim-kuzkub\/","title":{"rendered":"Ndertim KUZ\/KUB"},"content":{"rendered":"<div class=\"wpb-content-wrapper\"><p>[vc_row][vc_column][vc_custom_heading text=&#8221;Nd\u00ebrtimi i kolektoreve te ujerave te zeza dhe magazinimit te ujit.&#8221; font_container=&#8221;tag:h3|text_align:center|color:%23003687&#8243; google_fonts=&#8221;font_family:Playfair%20Display%3Aregular%2Citalic%2C700%2C700italic%2C900%2C900italic|font_style:700%20bold%20italic%3A700%3Aitalic&#8221;][vc_empty_space height=&#8221;10px&#8221;][vc_column_text]Pervec prodhimit te tubave prej betoni, Arjeil eshte i specializuar ne ndertimin e kolektoreve te magazinimit dhe te ujerave t\u00eb zeza.<\/p>\n<p>Ne kemi realizuar disa nga projektet kryesore:<\/p>\n<ul>\n<li style=\"text-align: justify;\">Ndertimi i kolektorit kryesor te ujrave t\u00eb zeza DN2000mm n\u00eb Komun\u00ebn Kashar.<\/li>\n<li style=\"text-align: justify;\">Ndertimi i kolektoreve te kanalizimeve me box culverts 1600x1600mm n\u00eb Don Bosko, Tirane<\/li>\n<li style=\"text-align: justify;\">Ndertimi i kolektoreve kryesore te ujerave te zeza ne Komunen e Kamzes.<\/li>\n<li style=\"text-align: justify;\">Ndertimi i kolektoreve te kanalizimeve me box culverts 2000x2000mm ne Bashkine Farke.<\/li>\n<\/ul>\n<p>[\/vc_column_text][\/vc_column][\/vc_row][vc_row][vc_column][\/vc_column][\/vc_row]<\/p>\n<\/div>","protected":false},"excerpt":{"rendered":"<p>[vc_row][vc_column][vc_custom_heading text=&#8221;Nd\u00ebrtimi i kolektoreve te ujerave te zeza dhe magazinimit te ujit.&#8221; font_container=&#8221;tag:h3|text_align:center|color:%23003687&#8243; google_fonts=&#8221;font_family:Playfair%20Display%3Aregular%2Citalic%2C700%2C700italic%2C900%2C900italic|font_style:700%20bold%20italic%3A700%3Aitalic&#8221;][vc_empty_space height=&#8221;10px&#8221;][vc_column_text]Pervec prodhimit te tubave prej betoni, Arjeil eshte i specializuar ne ndertimin e kolektoreve te magazinimit dhe te ujerave t\u00eb zeza. Ne kemi realizuar disa nga projektet kryesore: Ndertimi i kolektorit kryesor te ujrave t\u00eb zeza DN2000mm n\u00eb Komun\u00ebn Kashar. Ndertimi&hellip;<\/p>\n","protected":false},"author":1,"featured_media":0,"parent":0,"menu_order":0,"comment_status":"closed","ping_status":"closed","template":"","meta":{"footnotes":""},"class_list":["post-232","page","type-page","status-publish","hentry","description-off"],"_links":{"self":[{"href":"https:\/\/arjeil.al\/index.php\/wp-json\/wp\/v2\/pages\/232","targetHints":{"allow":["GET"]}}],"collection":[{"href":"https:\/\/arjeil.al\/index.php\/wp-json\/wp\/v2\/pages"}],"about":[{"href":"https:\/\/arjeil.al\/index.php\/wp-json\/wp\/v2\/types\/page"}],"author":[{"embeddable":true,"href":"https:\/\/arjeil.al\/index.php\/wp-json\/wp\/v2\/users\/1"}],"replies":[{"embeddable":true,"href":"https:\/\/arjeil.al\/index.php\/wp-json\/wp\/v2\/comments?post=232"}],"version-history":[{"count":8,"href":"https:\/\/arjeil.al\/index.php\/wp-json\/wp\/v2\/pages\/232\/revisions"}],"predecessor-version":[{"id":265,"href":"https:\/\/arjeil.al\/index.php\/wp-json\/wp\/v2\/pages\/232\/revisions\/265"}],"wp:attachment":[{"href":"https:\/\/arjeil.al\/index.php\/wp-json\/wp\/v2\/media?parent=232"}],"curies":[{"name":"wp","href":"https:\/\/api.w.org\/{rel}","templated":true}]}}