{"id":4,"date":"2017-11-29T14:43:05","date_gmt":"2017-11-29T14:43:05","guid":{"rendered":"http:\/\/arjeil.albweb.al\/?page_id=4"},"modified":"2018-05-24T11:27:38","modified_gmt":"2018-05-24T11:27:38","slug":"home","status":"publish","type":"page","link":"https:\/\/arjeil.al\/","title":{"rendered":"Home"},"content":{"rendered":"<div class=\"wpb-content-wrapper\"><p>[vc_row][vc_column][vc_text_separator title=&#8221;&#8221; color=&#8221;sky&#8221; style=&#8221;shadow&#8221;][vc_custom_heading text=&#8221;Mir\u00ebseerdh\u00ebt n\u00eb ARJEIL sh.p.k&#8221; font_container=&#8221;tag:h2|font_size:40|text_align:center|color:%23000000&#8243; google_fonts=&#8221;font_family:Playfair%20Display%3Aregular%2Citalic%2C700%2C700italic%2C900%2C900italic|font_style:400%20regular%3A400%3Anormal&#8221;][vc_empty_space][vc_column_text]<\/p>\n<p style=\"text-align: center;\"><em>Kompania jone operon aktivitetin e saj kryesor ne prodhimin e tubave prej betoni, te cilat perdoren per kanalizime te ndryshme.\u00a0Prodhimi i tubave te betonit eshte bere me makineri te teknologjise moderne dhe ne perputhje te plote me standardet Europiane dhe Shqiptare SSH EN 1916, me titull<br \/>\n&#8220;Tuba dhe pajisje betoni, te paperforcuara, fibra celiku te perforcuara&#8221;<\/em><\/p>\n<p>[\/vc_column_text][vc_empty_space height=&#8221;20 px&#8221;][vc_text_separator title=&#8221;&#8221; color=&#8221;sky&#8221; style=&#8221;shadow&#8221;][\/vc_column][\/vc_row][vc_row][vc_column][vc_empty_space height=&#8221;25px&#8221;][vc_custom_heading text=&#8221;Sherbimet Tona&#8221; font_container=&#8221;tag:h2|font_size:40|text_align:center|color:%23000000&#8243; google_fonts=&#8221;font_family:Playfair%20Display%3Aregular%2Citalic%2C700%2C700italic%2C900%2C900italic|font_style:400%20regular%3A400%3Anormal&#8221;][vc_empty_space height=&#8221;40px&#8221;][\/vc_column][\/vc_row][vc_row][vc_column width=&#8221;1\/3&#8243;]<div class=\"ult-new-ib ult-ib-effect-style14  ult-ib-resp  \" data-min-width=\"768\" data-max-width=\"900\" style=\"\" data-opacity=\"1\" data-hover-opacity=\"1\" ><img decoding=\"async\" class=\"ult-new-ib-img\" style=\"opacity:1;\" alt=\"null\" src=\"https:\/\/arjeil.al\/wp-content\/uploads\/2017\/11\/Asistence-Teknike.png\"   \/><div id=\"interactive-banner-wrap-5100\" class=\"ult-new-ib-desc\" style=\"\"><h2 class=\"ult-new-ib-title ult-responsive\"  data-ultimate-target='#interactive-banner-wrap-5100 .ult-new-ib-title'  data-responsive-json-new='{\"font-size\":\"\",\"line-height\":\"\"}'  style=\"font-style:italic;font-weight:bold;\"><\/h2><\/div><a class=\"ult-new-ib-link\" href=\"\/index.php\/asistence-teknike\/\" target=\"_blank\" rel=\"noopener\"  ><\/a><\/div>[vc_btn title=&#8221;Asistence Teknike&#8221; style=&#8221;custom&#8221; custom_background=&#8221;#003687&#8243; custom_text=&#8221;#f7f7f7&#8243; align=&#8221;center&#8221; button_block=&#8221;true&#8221; link=&#8221;url:%2Findex.php%2Fasistence-teknike%2F||target:%20_blank|&#8221;][vc_empty_space]<div class=\"ult-new-ib ult-ib-effect-style14  ult-ib-resp  \" data-min-width=\"768\" data-max-width=\"900\" style=\"\" data-opacity=\"1\" data-hover-opacity=\"1\" ><img decoding=\"async\" class=\"ult-new-ib-img\" style=\"opacity:1;\" alt=\"null\" src=\"https:\/\/arjeil.al\/wp-content\/uploads\/2017\/12\/5.png\"   \/><div id=\"interactive-banner-wrap-2978\" class=\"ult-new-ib-desc\" style=\"\"><h2 class=\"ult-new-ib-title ult-responsive\"  data-ultimate-target='#interactive-banner-wrap-2978 .ult-new-ib-title'  data-responsive-json-new='{\"font-size\":\"\",\"line-height\":\"\"}'  style=\"font-weight:normal;\"><\/h2><\/div><a class=\"ult-new-ib-link\" href=\"\/index.php\/montime\/\" target=\"_blank\" rel=\"noopener\"  ><\/a><\/div>[vc_btn title=&#8221;Montime&#8221; style=&#8221;custom&#8221; custom_background=&#8221;#003687&#8243; custom_text=&#8221;#f7f7f7&#8243; align=&#8221;center&#8221; button_block=&#8221;true&#8221; link=&#8221;url:%2Findex.php%2Fmontime%2F||target:%20_blank|&#8221;][\/vc_column][vc_column width=&#8221;1\/3&#8243;]<div class=\"ult-new-ib ult-ib-effect-style14  ult-ib-resp  \" data-min-width=\"768\" data-max-width=\"900\" style=\"\" data-opacity=\"1\" data-hover-opacity=\"1\" ><img decoding=\"async\" class=\"ult-new-ib-img\" style=\"opacity:1;\" alt=\"null\" src=\"https:\/\/arjeil.al\/wp-content\/uploads\/2017\/11\/Ndertim-Kuz.png\"   \/><div id=\"interactive-banner-wrap-2632\" class=\"ult-new-ib-desc\" style=\"\"><h2 class=\"ult-new-ib-title ult-responsive\"  data-ultimate-target='#interactive-banner-wrap-2632 .ult-new-ib-title'  data-responsive-json-new='{\"font-size\":\"\",\"line-height\":\"\"}'  style=\"font-weight:normal;\"><\/h2><\/div><a class=\"ult-new-ib-link\" href=\"\/index.php\/ndertim-kuzkub\/\" target=\"_blank\" rel=\"noopener\"  ><\/a><\/div>[vc_btn title=&#8221;Ndertim KUZ&#8221; style=&#8221;custom&#8221; custom_background=&#8221;#003687&#8243; custom_text=&#8221;#f7f7f7&#8243; align=&#8221;center&#8221; button_block=&#8221;true&#8221; link=&#8221;url:%2Findex.php%2Fndertim-kuzkub%2F||target:%20_blank|&#8221;][vc_empty_space]<div class=\"ult-new-ib ult-ib-effect-style14  ult-ib-resp  \" data-min-width=\"768\" data-max-width=\"900\" style=\"\" data-opacity=\"1\" data-hover-opacity=\"1\" ><img decoding=\"async\" class=\"ult-new-ib-img\" style=\"opacity:1;\" alt=\"null\" src=\"https:\/\/arjeil.al\/wp-content\/uploads\/2017\/11\/Transport.png\"   \/><div id=\"interactive-banner-wrap-6409\" class=\"ult-new-ib-desc\" style=\"\"><h2 class=\"ult-new-ib-title ult-responsive\"  data-ultimate-target='#interactive-banner-wrap-6409 .ult-new-ib-title'  data-responsive-json-new='{\"font-size\":\"\",\"line-height\":\"\"}'  style=\"font-weight:normal;\"><\/h2><\/div><a class=\"ult-new-ib-link\" href=\"\/index.php\/transport\/\" target=\"_blank\" rel=\"noopener\"  ><\/a><\/div>[vc_btn title=&#8221;Transport&#8221; style=&#8221;custom&#8221; custom_background=&#8221;#003687&#8243; custom_text=&#8221;#f7f7f7&#8243; align=&#8221;center&#8221; button_block=&#8221;true&#8221; link=&#8221;url:%2Findex.php%2Ftransport%2F||target:%20_blank|&#8221;][\/vc_column][vc_column width=&#8221;1\/3&#8243;]<div class=\"ult-new-ib ult-ib-effect-style14  ult-ib-resp  \" data-min-width=\"768\" data-max-width=\"900\" style=\"\" data-opacity=\"1\" data-hover-opacity=\"1\" ><img decoding=\"async\" class=\"ult-new-ib-img\" style=\"opacity:1;\" alt=\"null\" src=\"https:\/\/arjeil.al\/wp-content\/uploads\/2017\/11\/Ndertim-Kub.png\"   \/><div id=\"interactive-banner-wrap-7730\" class=\"ult-new-ib-desc\" style=\"\"><h2 class=\"ult-new-ib-title ult-responsive\"  data-ultimate-target='#interactive-banner-wrap-7730 .ult-new-ib-title'  data-responsive-json-new='{\"font-size\":\"\",\"line-height\":\"\"}'  style=\"font-weight:normal;\"><\/h2><\/div><a class=\"ult-new-ib-link\" href=\"\/index.php\/ndertim-kuzkub\/\" target=\"_blank\" rel=\"noopener\"  ><\/a><\/div>[vc_btn title=&#8221;Ndertim KUB&#8221; style=&#8221;custom&#8221; custom_background=&#8221;#003687&#8243; custom_text=&#8221;#f7f7f7&#8243; align=&#8221;center&#8221; button_block=&#8221;true&#8221; link=&#8221;url:%2Findex.php%2Fndertim-kuzkub%2F||target:%20_blank|&#8221;][vc_empty_space]<div class=\"ult-new-ib ult-ib-effect-style14  ult-ib-resp  \" data-min-width=\"768\" data-max-width=\"900\" style=\"\" data-opacity=\"1\" data-hover-opacity=\"1\" ><img decoding=\"async\" class=\"ult-new-ib-img\" style=\"opacity:1;\" alt=\"null\" src=\"https:\/\/arjeil.al\/wp-content\/uploads\/2017\/11\/Tubacione-per-HEC-1.png\"   \/><div id=\"interactive-banner-wrap-3808\" class=\"ult-new-ib-desc\" style=\"\"><h2 class=\"ult-new-ib-title ult-responsive\"  data-ultimate-target='#interactive-banner-wrap-3808 .ult-new-ib-title'  data-responsive-json-new='{\"font-size\":\"\",\"line-height\":\"\"}'  style=\"font-weight:normal;\"><\/h2><\/div><a class=\"ult-new-ib-link\" href=\"\/index.php\/tubacione-per-hec\/\" target=\"_blank\" rel=\"noopener\"  ><\/a><\/div>[vc_btn title=&#8221;Tubacione per HEC&#8221; style=&#8221;custom&#8221; custom_background=&#8221;#003687&#8243; custom_text=&#8221;#f7f7f7&#8243; align=&#8221;center&#8221; button_block=&#8221;true&#8221; link=&#8221;url:%2Findex.php%2Ftubacione-per-hec%2F||target:%20_blank|&#8221;][\/vc_column][\/vc_row][vc_row][vc_column][vc_empty_space height=&#8221;40px&#8221;][\/vc_column][\/vc_row][vc_row full_width=&#8221;stretch_row_content&#8221; bg_type=&#8221;image&#8221; parallax_style=&#8221;vcpb-default&#8221; bg_image_new=&#8221;id^117|url^http:\/\/arjeil.albweb.al\/wp-content\/uploads\/2017\/11\/parallax1.png|caption^null|alt^null|title^null|description^null&#8221; bg_image_repeat=&#8221;no-repeat&#8221;][vc_column][vc_empty_space height=&#8221;32 px&#8221;][vc_custom_heading text=&#8221;Per me teper informacion mbi produktet dhe sherbimet tona na kontaktoni&#8230;&#8221; font_container=&#8221;tag:h2|font_size:32%20px|text_align:center|color:%23ffffff&#8221; google_fonts=&#8221;font_family:Playfair%20Display%3Aregular%2Citalic%2C700%2C700italic%2C900%2C900italic|font_style:400%20italic%3A400%3Aitalic&#8221; css_animation=&#8221;none&#8221;][vc_empty_space height=&#8221;50px&#8221;][vc_btn title=&#8221;Kontakto&#8221; style=&#8221;custom&#8221; custom_background=&#8221;#003687&#8243; custom_text=&#8221;#ffffff&#8221; size=&#8221;lg&#8221; align=&#8221;center&#8221; css_animation=&#8221;none&#8221; custom_onclick=&#8221;true&#8221; link=&#8221;url:%2Findex.php%2Fkontakte%2F||target:%20_blank|&#8221;][vc_empty_space height=&#8221;150 px&#8221;][\/vc_column][\/vc_row][vc_row][vc_column][\/vc_column][\/vc_row][vc_row][vc_column][vc_empty_space height=&#8221;40px&#8221;][vc_custom_heading text=&#8221;Certifikatat&#8221; font_container=&#8221;tag:h2|font_size:45%20px|text_align:center|color:%23000000&#8243; google_fonts=&#8221;font_family:Playfair%20Display%3Aregular%2Citalic%2C700%2C700italic%2C900%2C900italic|font_style:400%20regular%3A400%3Anormal&#8221;][\/vc_column][\/vc_row][vc_row][vc_column width=&#8221;1\/2&#8243;][vc_empty_space height=&#8221;50px&#8221;][vc_column_text]<\/p>\n<p style=\"text-align: justify;\"><em>Arjeil eshte nje shoqeri me pergjegjesi te kufizuar e specializuar ne prodhimin e tubave te betonit, kesone betoni, etj te dimensioneve te ndryshme. <\/em><\/p>\n<p style=\"text-align: justify;\"><em>\u00a0 \u00a0Per kete ne jemi te certifikuar nga \u201cBureau Veritas\u201d me certifikat\u00eb ISO 9001: 2008.\u00a0. <\/em><\/p>\n<p style=\"text-align: justify;\"><em>Qe ne fillim te aktivitetit tone kemi qene shume te fokusuar ne cilesine si dhe ne llojin e produkteve. Prodhimet tona plotesojne Kerkesat e Standardeve te Shqiperise dhe standardet Europiane.\u00a0<\/em><em>Ato jane te shoqeruara te gjitha me Certifikate Cilesie.\u00a0\u00a0<\/em><\/p>\n<p>[\/vc_column_text][\/vc_column][vc_column width=&#8221;1\/2&#8243;][vc_empty_space height=&#8221;40px&#8221;]<div id=\"ult-carousel-323609250569fb2763b4537\" class=\"ult-carousel-wrapper   ult_horizontal\" data-gutter=\"15\" data-rtl=\"false\" ><div class=\"ult-carousel-8324974069fb2763b446b \" >[vc_single_image image=&#8221;105&#8243; img_size=&#8221;medium&#8221; onclick=&#8221;link_image&#8221;][vc_single_image image=&#8221;108&#8243; img_size=&#8221;medium&#8221; onclick=&#8221;link_image&#8221;]<\/div><\/div>\t\t\t<script type=\"text\/javascript\">\n\t\t\t\tjQuery(document).ready(function ($) {\n\t\t\t\t\tif( typeof jQuery('.ult-carousel-8324974069fb2763b446b').slick == \"function\"){\n\t\t\t\t\t\t$('.ult-carousel-8324974069fb2763b446b').slick({dots: true,autoplay: true,autoplaySpeed: \"5000\",speed: \"300\",infinite: true,arrows: true,nextArrow: '<button type=\"button\" role=\"button\" aria-label=\"Next\" style=\"color:#333333; font-size:20px;\" class=\"slick-next default\"><i class=\"ultsl-arrow-right4\"><\/i><\/button>',prevArrow: '<button type=\"button\" role=\"button\" aria-label=\"Previous\" style=\"color:#333333; font-size:20px;\" class=\"slick-prev default\"><i class=\"ultsl-arrow-left4\"><\/i><\/button>',slidesToScroll:2,slidesToShow:2,swipe: true,draggable: true,touchMove: true,pauseOnHover: true,pauseOnFocus: false,responsive: [\n\t\t\t\t\t\t\t{\n\t\t\t\t\t\t\t  breakpoint: 1026,\n\t\t\t\t\t\t\t  settings: {\n\t\t\t\t\t\t\t\tslidesToShow: 2,\n\t\t\t\t\t\t\t\tslidesToScroll: 2,  \n\t\t\t\t\t\t\t  }\n\t\t\t\t\t\t\t},\n\t\t\t\t\t\t\t{\n\t\t\t\t\t\t\t  breakpoint: 1025,\n\t\t\t\t\t\t\t  settings: {\n\t\t\t\t\t\t\t\tslidesToShow: 3,\n\t\t\t\t\t\t\t\tslidesToScroll: 3\n\t\t\t\t\t\t\t  }\n\t\t\t\t\t\t\t},\n\t\t\t\t\t\t\t{\n\t\t\t\t\t\t\t  breakpoint: 760,\n\t\t\t\t\t\t\t  settings: {\n\t\t\t\t\t\t\t\tslidesToShow: 2,\n\t\t\t\t\t\t\t\tslidesToScroll: 2\n\t\t\t\t\t\t\t  }\n\t\t\t\t\t\t\t}\n\t\t\t\t\t\t],pauseOnDotsHover: true,customPaging: function(slider, i) {\n                   return '<i type=\"button\" style= \"color:#333333;\" class=\"ultsl-record\" data-role=\"none\"><\/i>';\n                },});\n\t\t\t\t\t}\n\t\t\t\t});\n\t\t\t<\/script>\n\t\t\t[\/vc_column][\/vc_row]<\/p>\n<\/div>","protected":false},"excerpt":{"rendered":"<p>[vc_row][vc_column][vc_text_separator title=&#8221;&#8221; color=&#8221;sky&#8221; style=&#8221;shadow&#8221;][vc_custom_heading text=&#8221;Mir\u00ebseerdh\u00ebt n\u00eb ARJEIL sh.p.k&#8221; font_container=&#8221;tag:h2|font_size:40|text_align:center|color:%23000000&#8243; google_fonts=&#8221;font_family:Playfair%20Display%3Aregular%2Citalic%2C700%2C700italic%2C900%2C900italic|font_style:400%20regular%3A400%3Anormal&#8221;][vc_empty_space][vc_column_text] Kompania jone operon aktivitetin e saj kryesor ne prodhimin e tubave prej betoni, te cilat perdoren per kanalizime te ndryshme.\u00a0Prodhimi i tubave te betonit eshte bere me makineri te teknologjise moderne dhe ne perputhje te plote me standardet Europiane dhe Shqiptare SSH EN 1916, me&hellip;<\/p>\n","protected":false},"author":1,"featured_media":0,"parent":0,"menu_order":0,"comment_status":"closed","ping_status":"closed","template":"","meta":{"footnotes":""},"class_list":["post-4","page","type-page","status-publish","hentry","description-off"],"_links":{"self":[{"href":"https:\/\/arjeil.al\/index.php\/wp-json\/wp\/v2\/pages\/4","targetHints":{"allow":["GET"]}}],"collection":[{"href":"https:\/\/arjeil.al\/index.php\/wp-json\/wp\/v2\/pages"}],"about":[{"href":"https:\/\/arjeil.al\/index.php\/wp-json\/wp\/v2\/types\/page"}],"author":[{"embeddable":true,"href":"https:\/\/arjeil.al\/index.php\/wp-json\/wp\/v2\/users\/1"}],"replies":[{"embeddable":true,"href":"https:\/\/arjeil.al\/index.php\/wp-json\/wp\/v2\/comments?post=4"}],"version-history":[{"count":29,"href":"https:\/\/arjeil.al\/index.php\/wp-json\/wp\/v2\/pages\/4\/revisions"}],"predecessor-version":[{"id":1185,"href":"https:\/\/arjeil.al\/index.php\/wp-json\/wp\/v2\/pages\/4\/revisions\/1185"}],"wp:attachment":[{"href":"https:\/\/arjeil.al\/index.php\/wp-json\/wp\/v2\/media?parent=4"}],"curies":[{"name":"wp","href":"https:\/\/api.w.org\/{rel}","templated":true}]}}